{"id":15,"date":"2019-04-21T16:38:28","date_gmt":"2019-04-21T16:38:28","guid":{"rendered":"https:\/\/chhome.com.ve\/?page_id=15"},"modified":"2019-05-16T18:32:46","modified_gmt":"2019-05-16T18:32:46","slug":"productos","status":"publish","type":"page","link":"https:\/\/chhome.com.ve\/index.php\/productos\/","title":{"rendered":"Productos"},"content":{"rendered":"\t\t<div data-elementor-type=\"wp-post\" data-elementor-id=\"15\" class=\"elementor elementor-15\">\n\t\t\t\t\t\t<section class=\"elementor-section elementor-top-section elementor-element elementor-element-dae0426 elementor-section-full_width elementor-section-height-min-height elementor-section-content-middle elementor-section-height-default elementor-section-items-middle\" data-id=\"dae0426\" data-element_type=\"section\">\n\t\t\t\t\t\t<div class=\"elementor-container elementor-column-gap-no\">\n\t\t\t\t\t<div class=\"elementor-column elementor-col-100 elementor-top-column elementor-element elementor-element-9610d72\" data-id=\"9610d72\" data-element_type=\"column\">\n\t\t\t<div class=\"elementor-widget-wrap elementor-element-populated\">\n\t\t\t\t\t\t<section class=\"elementor-section elementor-inner-section elementor-element elementor-element-9404a94 elementor-section-full_width elementor-section-height-default elementor-section-height-default\" data-id=\"9404a94\" data-element_type=\"section\">\n\t\t\t\t\t\t<div class=\"elementor-container elementor-column-gap-default\">\n\t\t\t\t\t<div class=\"elementor-column elementor-col-50 elementor-inner-column elementor-element elementor-element-d4a9f4f\" data-id=\"d4a9f4f\" data-element_type=\"column\">\n\t\t\t<div class=\"elementor-widget-wrap elementor-element-populated\">\n\t\t\t\t\t\t<div class=\"elementor-element elementor-element-f64268f animated-slow elementor-invisible elementor-widget elementor-widget-e_image_hover_effects\" data-id=\"f64268f\" data-element_type=\"widget\" data-settings=\"{&quot;_animation&quot;:&quot;fadeIn&quot;}\" data-widget_type=\"e_image_hover_effects.default\">\n\t\t\t\t<div class=\"elementor-widget-container\">\n\t\t\t\t\t\t\t\t<div class=\"eihe-box eihe-fade eihe_\">\n\t\t\t\t<img fetchpriority=\"high\" decoding=\"async\" width=\"1370\" height=\"550\" src=\"https:\/\/chhome.com.ve\/wp-content\/uploads\/2019\/05\/CH-Domitorios.jpg\" class=\"attachment-full size-full wp-image-530\" alt=\"\" srcset=\"https:\/\/chhome.com.ve\/wp-content\/uploads\/2019\/05\/CH-Domitorios.jpg 1370w, https:\/\/chhome.com.ve\/wp-content\/uploads\/2019\/05\/CH-Domitorios-300x120.jpg 300w, https:\/\/chhome.com.ve\/wp-content\/uploads\/2019\/05\/CH-Domitorios-768x308.jpg 768w, https:\/\/chhome.com.ve\/wp-content\/uploads\/2019\/05\/CH-Domitorios-1024x411.jpg 1024w\" sizes=\"(max-width: 34.9rem) calc(100vw - 2rem), (max-width: 53rem) calc(8 * (100vw \/ 12)), (min-width: 53rem) calc(6 * (100vw \/ 12)), 100vw\" \/>\t\t\t\t<div class=\"eihe-caption\">\n\t\t\t\t\t<div class=\"eihe-title-cover\">\n\t\t\t\t\t\t\t\t\t\t\t\t<h3 class=\"eihe-title\">Dormitorios<\/h3>\n\t\t\t\t\t\t\t\t\t\t\t<\/div>\n\t\t\t\t\t<p><a class=\"link-products\" href=\"#\">Camas \/ Box<\/a><br>\n\n<a class=\"link-products\" href=\"#\">Colchones<\/a><br>\n\n<a class=\"link-products\" href=\"#\">Closets<\/a><br>\n\n<a class=\"link-products\" href=\"#\">Cabeceras<\/a><br>\n\n<a class=\"link-products\" href=\"#\">Lencer\u00eda\/Almohadas<\/a><\/p>\n\t\t\t\t<\/div>\n\t\t\t<\/div>\n\t\t\t\t\t\t<\/div>\n\t\t\t\t<\/div>\n\t\t\t\t\t<\/div>\n\t\t<\/div>\n\t\t\t\t<div class=\"elementor-column elementor-col-50 elementor-inner-column elementor-element elementor-element-c7f0030\" data-id=\"c7f0030\" data-element_type=\"column\">\n\t\t\t<div class=\"elementor-widget-wrap elementor-element-populated\">\n\t\t\t\t\t\t<div class=\"elementor-element elementor-element-86cd37b animated-slow elementor-invisible elementor-widget elementor-widget-e_image_hover_effects\" data-id=\"86cd37b\" data-element_type=\"widget\" data-settings=\"{&quot;_animation&quot;:&quot;fadeInUp&quot;,&quot;_animation_delay&quot;:1000}\" data-widget_type=\"e_image_hover_effects.default\">\n\t\t\t\t<div class=\"elementor-widget-container\">\n\t\t\t\t\t\t\t\t<div class=\"eihe-box eihe-fade eihe_\">\n\t\t\t\t<img decoding=\"async\" width=\"550\" height=\"550\" src=\"https:\/\/chhome.com.ve\/wp-content\/uploads\/2019\/05\/ch-banos.jpg\" class=\"attachment-full size-full wp-image-536\" alt=\"\" srcset=\"https:\/\/chhome.com.ve\/wp-content\/uploads\/2019\/05\/ch-banos.jpg 550w, https:\/\/chhome.com.ve\/wp-content\/uploads\/2019\/05\/ch-banos-150x150.jpg 150w, https:\/\/chhome.com.ve\/wp-content\/uploads\/2019\/05\/ch-banos-300x300.jpg 300w\" sizes=\"(max-width: 34.9rem) calc(100vw - 2rem), (max-width: 53rem) calc(8 * (100vw \/ 12)), (min-width: 53rem) calc(6 * (100vw \/ 12)), 100vw\" \/>\t\t\t\t<div class=\"eihe-caption\">\n\t\t\t\t\t<div class=\"eihe-title-cover\">\n\t\t\t\t\t\t\t\t\t\t\t\t<h3 class=\"eihe-title\">Ba\u00f1os<\/h3>\n\t\t\t\t\t\t\t\t\t\t\t<\/div>\n\t\t\t\t\t<p><a class=\"link-products\" href=\"#\">Lavamanos<\/a><br>\n\n<a class=\"link-products\" href=\"#\">Grifer\u00edas y Accesorios<\/a><br>\n\n<a class=\"link-products\" href=\"#\">Muebles<\/a><br>\n\n<a class=\"link-products\" href=\"#\">Espejos<\/a><br>\n\n<a class=\"link-products\" href=\"#\">Complementos<\/a><\/p>\n\t\t\t\t<\/div>\n\t\t\t<\/div>\n\t\t\t\t\t\t<\/div>\n\t\t\t\t<\/div>\n\t\t\t\t\t<\/div>\n\t\t<\/div>\n\t\t\t\t\t<\/div>\n\t\t<\/section>\n\t\t\t\t<section class=\"elementor-section elementor-inner-section elementor-element elementor-element-86c576b elementor-section-full_width elementor-section-height-default elementor-section-height-default\" data-id=\"86c576b\" data-element_type=\"section\">\n\t\t\t\t\t\t<div class=\"elementor-container elementor-column-gap-default\">\n\t\t\t\t\t<div class=\"elementor-column elementor-col-50 elementor-inner-column elementor-element elementor-element-cc9de9d\" data-id=\"cc9de9d\" data-element_type=\"column\">\n\t\t\t<div class=\"elementor-widget-wrap elementor-element-populated\">\n\t\t\t\t\t\t<div class=\"elementor-element elementor-element-88393f8 animated-slow elementor-invisible elementor-widget elementor-widget-e_image_hover_effects\" data-id=\"88393f8\" data-element_type=\"widget\" data-settings=\"{&quot;_animation&quot;:&quot;fadeInLeft&quot;,&quot;_animation_delay&quot;:3000}\" data-widget_type=\"e_image_hover_effects.default\">\n\t\t\t\t<div class=\"elementor-widget-container\">\n\t\t\t\t\t\t\t\t<div class=\"eihe-box eihe-fade eihe_\">\n\t\t\t\t<img decoding=\"async\" width=\"550\" height=\"550\" src=\"https:\/\/chhome.com.ve\/wp-content\/uploads\/2019\/05\/CH-Ilum-int.jpg\" class=\"attachment-full size-full wp-image-538\" alt=\"\" srcset=\"https:\/\/chhome.com.ve\/wp-content\/uploads\/2019\/05\/CH-Ilum-int.jpg 550w, https:\/\/chhome.com.ve\/wp-content\/uploads\/2019\/05\/CH-Ilum-int-150x150.jpg 150w, https:\/\/chhome.com.ve\/wp-content\/uploads\/2019\/05\/CH-Ilum-int-300x300.jpg 300w\" sizes=\"(max-width: 34.9rem) calc(100vw - 2rem), (max-width: 53rem) calc(8 * (100vw \/ 12)), (min-width: 53rem) calc(6 * (100vw \/ 12)), 100vw\" \/>\t\t\t\t<div class=\"eihe-caption\">\n\t\t\t\t\t<div class=\"eihe-title-cover\">\n\t\t\t\t\t\t\t\t\t\t\t\t<h3 class=\"eihe-title\">Iluminaci\u00f3n Interior<\/h3>\n\t\t\t\t\t\t\t\t\t\t\t<\/div>\n\t\t\t\t\t<p><a class=\"link-products\" href=\"#\">L\u00e1mparas Colgantes<\/a><br>\n\n<a class=\"link-products\" href=\"#\">L\u00e1mparas de Piso<\/a><br>\n\n<a class=\"link-products\" href=\"#\">L\u00e1mparas de Mesa<\/a><br>\n\n<a class=\"link-products\" href=\"#\">L\u00e1mparas de Pared<\/a><br>\n\n<a class=\"link-products\" href=\"#\">L\u00e1mparas Ventilador<\/a><\/p>\n\t\t\t\t<\/div>\n\t\t\t<\/div>\n\t\t\t\t\t\t<\/div>\n\t\t\t\t<\/div>\n\t\t\t\t\t<\/div>\n\t\t<\/div>\n\t\t\t\t<div class=\"elementor-column elementor-col-50 elementor-inner-column elementor-element elementor-element-65fc724\" data-id=\"65fc724\" data-element_type=\"column\">\n\t\t\t<div class=\"elementor-widget-wrap elementor-element-populated\">\n\t\t\t\t\t\t<div class=\"elementor-element elementor-element-2ff4f98 animated-slow elementor-invisible elementor-widget elementor-widget-e_image_hover_effects\" data-id=\"2ff4f98\" data-element_type=\"widget\" data-settings=\"{&quot;_animation&quot;:&quot;fadeIn&quot;,&quot;_animation_delay&quot;:2000}\" data-widget_type=\"e_image_hover_effects.default\">\n\t\t\t\t<div class=\"elementor-widget-container\">\n\t\t\t\t\t\t\t\t<div class=\"eihe-box eihe-fade eihe_\">\n\t\t\t\t<img loading=\"lazy\" decoding=\"async\" width=\"1370\" height=\"550\" src=\"https:\/\/chhome.com.ve\/wp-content\/uploads\/2019\/05\/CH-Electrodomesticos.jpg\" class=\"attachment-full size-full wp-image-531\" alt=\"\" srcset=\"https:\/\/chhome.com.ve\/wp-content\/uploads\/2019\/05\/CH-Electrodomesticos.jpg 1370w, https:\/\/chhome.com.ve\/wp-content\/uploads\/2019\/05\/CH-Electrodomesticos-300x120.jpg 300w, https:\/\/chhome.com.ve\/wp-content\/uploads\/2019\/05\/CH-Electrodomesticos-768x308.jpg 768w, https:\/\/chhome.com.ve\/wp-content\/uploads\/2019\/05\/CH-Electrodomesticos-1024x411.jpg 1024w\" sizes=\"(max-width: 34.9rem) calc(100vw - 2rem), (max-width: 53rem) calc(8 * (100vw \/ 12)), (min-width: 53rem) calc(6 * (100vw \/ 12)), 100vw\" \/>\t\t\t\t<div class=\"eihe-caption\">\n\t\t\t\t\t<div class=\"eihe-title-cover\">\n\t\t\t\t\t\t\t\t\t\t\t\t<h3 class=\"eihe-title\">Electrodom\u00e9sticos<\/h3>\n\t\t\t\t\t\t\t\t\t\t\t<\/div>\n\t\t\t\t\t<p><a class=\"link-products\" href=\"#\">Neveras \/ Congeladores<\/a><br>\n\n<a class=\"link-products\" href=\"#\">Centro de Lavado<\/a><br>\n\n<a class=\"link-products\" href=\"#\">Cocinas \/ Hornos<\/a><br>\n\n<a class=\"link-products\" href=\"#\">Aires Acondicionados<\/a><br>\n\n<a class=\"link-products\" href=\"#\">Televisores \/ Celulares<\/a><\/p>\n\t\t\t\t<\/div>\n\t\t\t<\/div>\n\t\t\t\t\t\t<\/div>\n\t\t\t\t<\/div>\n\t\t\t\t\t<\/div>\n\t\t<\/div>\n\t\t\t\t\t<\/div>\n\t\t<\/section>\n\t\t\t\t<section class=\"elementor-section elementor-inner-section elementor-element elementor-element-609738b elementor-section-full_width elementor-section-height-default elementor-section-height-default\" data-id=\"609738b\" data-element_type=\"section\">\n\t\t\t\t\t\t<div class=\"elementor-container elementor-column-gap-default\">\n\t\t\t\t\t<div class=\"elementor-column elementor-col-50 elementor-inner-column elementor-element elementor-element-c238a5e\" data-id=\"c238a5e\" data-element_type=\"column\">\n\t\t\t<div class=\"elementor-widget-wrap elementor-element-populated\">\n\t\t\t\t\t\t<div class=\"elementor-element elementor-element-c173cec animated-slow elementor-invisible elementor-widget elementor-widget-e_image_hover_effects\" data-id=\"c173cec\" data-element_type=\"widget\" data-settings=\"{&quot;_animation&quot;:&quot;fadeIn&quot;}\" data-widget_type=\"e_image_hover_effects.default\">\n\t\t\t\t<div class=\"elementor-widget-container\">\n\t\t\t\t\t\t\t\t<div class=\"eihe-box eihe-fade eihe_\">\n\t\t\t\t<img loading=\"lazy\" decoding=\"async\" width=\"1170\" height=\"550\" src=\"https:\/\/chhome.com.ve\/wp-content\/uploads\/2019\/05\/ch-home-iluminacion-experior.png\" class=\"attachment-full size-full wp-image-578\" alt=\"\" srcset=\"https:\/\/chhome.com.ve\/wp-content\/uploads\/2019\/05\/ch-home-iluminacion-experior.png 1170w, https:\/\/chhome.com.ve\/wp-content\/uploads\/2019\/05\/ch-home-iluminacion-experior-300x141.png 300w, https:\/\/chhome.com.ve\/wp-content\/uploads\/2019\/05\/ch-home-iluminacion-experior-768x361.png 768w, https:\/\/chhome.com.ve\/wp-content\/uploads\/2019\/05\/ch-home-iluminacion-experior-1024x481.png 1024w\" sizes=\"(max-width: 34.9rem) calc(100vw - 2rem), (max-width: 53rem) calc(8 * (100vw \/ 12)), (min-width: 53rem) calc(6 * (100vw \/ 12)), 100vw\" \/>\t\t\t\t<div class=\"eihe-caption\">\n\t\t\t\t\t<div class=\"eihe-title-cover\">\n\t\t\t\t\t\t\t\t\t\t\t\t<h3 class=\"eihe-title\">Iluminaci\u00f3n Exterior<\/h3>\n\t\t\t\t\t\t\t\t\t\t\t<\/div>\n\t\t\t\t\t<p><a class=\"link-products\" href=\"#\">Apliques \/ Pared<\/a><br>\n\n<a class=\"link-products\" href=\"#\">Cinta LED<\/a><br>\n\n<a class=\"link-products\" href=\"#\">Reflectores<\/a><br>\n\n<a class=\"link-products\" href=\"#\">Panel LED<\/a><br>\n\n<a class=\"link-products\" href=\"#\">Complementos<\/a><\/p>\n\t\t\t\t<\/div>\n\t\t\t<\/div>\n\t\t\t\t\t\t<\/div>\n\t\t\t\t<\/div>\n\t\t\t\t\t<\/div>\n\t\t<\/div>\n\t\t\t\t<div class=\"elementor-column elementor-col-50 elementor-inner-column elementor-element elementor-element-bb763f7\" data-id=\"bb763f7\" data-element_type=\"column\">\n\t\t\t<div class=\"elementor-widget-wrap elementor-element-populated\">\n\t\t\t\t\t\t<div class=\"elementor-element elementor-element-27fffab animated-slow elementor-invisible elementor-widget elementor-widget-e_image_hover_effects\" data-id=\"27fffab\" data-element_type=\"widget\" data-settings=\"{&quot;_animation&quot;:&quot;fadeInUp&quot;,&quot;_animation_delay&quot;:1000}\" data-widget_type=\"e_image_hover_effects.default\">\n\t\t\t\t<div class=\"elementor-widget-container\">\n\t\t\t\t\t\t\t\t<div class=\"eihe-box eihe-fade eihe_\">\n\t\t\t\t<img loading=\"lazy\" decoding=\"async\" width=\"550\" height=\"550\" src=\"https:\/\/chhome.com.ve\/wp-content\/uploads\/2019\/05\/ch-office.jpg\" class=\"attachment-full size-full wp-image-540\" alt=\"\" srcset=\"https:\/\/chhome.com.ve\/wp-content\/uploads\/2019\/05\/ch-office.jpg 550w, https:\/\/chhome.com.ve\/wp-content\/uploads\/2019\/05\/ch-office-150x150.jpg 150w, https:\/\/chhome.com.ve\/wp-content\/uploads\/2019\/05\/ch-office-300x300.jpg 300w\" sizes=\"(max-width: 34.9rem) calc(100vw - 2rem), (max-width: 53rem) calc(8 * (100vw \/ 12)), (min-width: 53rem) calc(6 * (100vw \/ 12)), 100vw\" \/>\t\t\t\t<div class=\"eihe-caption\">\n\t\t\t\t\t<div class=\"eihe-title-cover\">\n\t\t\t\t\t\t\t\t\t\t\t\t<h3 class=\"eihe-title\">Oficinas<\/h3>\n\t\t\t\t\t\t\t\t\t\t\t<\/div>\n\t\t\t\t\t<p><a class=\"link-products\" href=\"#\">Escritorios<\/a><br>\n\n<a class=\"link-products\" href=\"#\">Archivadores<\/a><br>\n\n<a class=\"link-products\" href=\"#\">Sillas<\/a><br>\n\n<a class=\"link-products\" href=\"#\">Estantes \/ Libreros<\/a><br>\n\n<a class=\"link-products\" href=\"#\">Complementos<\/a><\/p>\n\t\t\t\t<\/div>\n\t\t\t<\/div>\n\t\t\t\t\t\t<\/div>\n\t\t\t\t<\/div>\n\t\t\t\t\t<\/div>\n\t\t<\/div>\n\t\t\t\t\t<\/div>\n\t\t<\/section>\n\t\t\t\t<section class=\"elementor-section elementor-inner-section elementor-element elementor-element-4af63bc elementor-section-full_width elementor-section-height-default elementor-section-height-default\" data-id=\"4af63bc\" data-element_type=\"section\">\n\t\t\t\t\t\t<div class=\"elementor-container elementor-column-gap-default\">\n\t\t\t\t\t<div class=\"elementor-column elementor-col-50 elementor-inner-column elementor-element elementor-element-ba4b53a\" data-id=\"ba4b53a\" data-element_type=\"column\">\n\t\t\t<div class=\"elementor-widget-wrap elementor-element-populated\">\n\t\t\t\t\t\t<div class=\"elementor-element elementor-element-e9d3923 animated-slow elementor-invisible elementor-widget elementor-widget-e_image_hover_effects\" data-id=\"e9d3923\" data-element_type=\"widget\" data-settings=\"{&quot;_animation&quot;:&quot;fadeInLeft&quot;,&quot;_animation_delay&quot;:3000}\" data-widget_type=\"e_image_hover_effects.default\">\n\t\t\t\t<div class=\"elementor-widget-container\">\n\t\t\t\t\t\t\t\t<div class=\"eihe-box eihe-fade eihe_\">\n\t\t\t\t<img loading=\"lazy\" decoding=\"async\" width=\"740\" height=\"550\" src=\"https:\/\/chhome.com.ve\/wp-content\/uploads\/2019\/05\/ch-home-decoaracion.png\" class=\"attachment-full size-full wp-image-576\" alt=\"\" srcset=\"https:\/\/chhome.com.ve\/wp-content\/uploads\/2019\/05\/ch-home-decoaracion.png 740w, https:\/\/chhome.com.ve\/wp-content\/uploads\/2019\/05\/ch-home-decoaracion-300x223.png 300w\" sizes=\"(max-width: 34.9rem) calc(100vw - 2rem), (max-width: 53rem) calc(8 * (100vw \/ 12)), (min-width: 53rem) calc(6 * (100vw \/ 12)), 100vw\" \/>\t\t\t\t<div class=\"eihe-caption\">\n\t\t\t\t\t<div class=\"eihe-title-cover\">\n\t\t\t\t\t\t\t\t\t\t\t\t<h3 class=\"eihe-title\">Decoraci\u00f3n<\/h3>\n\t\t\t\t\t\t\t\t\t\t\t<\/div>\n\t\t\t\t\t<p><a class=\"link-products\" href=\"#\">Cojines \/ Puffs<\/a><br>\n\n<a class=\"link-products\" href=\"#\">Pinturas \/ Esculturas<\/a><br>\n\n<a class=\"link-products\" href=\"#\">Sabanas \/ Edredones<\/a><br>\n\n<a class=\"link-products\" href=\"#\">Espejos \/ Adornos<\/a><br>\n\n<a class=\"link-products\" href=\"#\">Utensilios \/ Porta Retratos<\/a><\/p>\n\t\t\t\t<\/div>\n\t\t\t<\/div>\n\t\t\t\t\t\t<\/div>\n\t\t\t\t<\/div>\n\t\t\t\t\t<\/div>\n\t\t<\/div>\n\t\t\t\t<div class=\"elementor-column elementor-col-50 elementor-inner-column elementor-element elementor-element-6d8f347\" data-id=\"6d8f347\" data-element_type=\"column\">\n\t\t\t<div class=\"elementor-widget-wrap elementor-element-populated\">\n\t\t\t\t\t\t<div class=\"elementor-element elementor-element-9976c23 animated-slow elementor-invisible elementor-widget elementor-widget-e_image_hover_effects\" data-id=\"9976c23\" data-element_type=\"widget\" data-settings=\"{&quot;_animation&quot;:&quot;fadeIn&quot;,&quot;_animation_delay&quot;:2000}\" data-widget_type=\"e_image_hover_effects.default\">\n\t\t\t\t<div class=\"elementor-widget-container\">\n\t\t\t\t\t\t\t\t<div class=\"eihe-box eihe-fade eihe_\">\n\t\t\t\t<img loading=\"lazy\" decoding=\"async\" width=\"1170\" height=\"550\" src=\"https:\/\/chhome.com.ve\/wp-content\/uploads\/2019\/05\/ch-salas.png\" class=\"attachment-full size-full wp-image-574\" alt=\"\" srcset=\"https:\/\/chhome.com.ve\/wp-content\/uploads\/2019\/05\/ch-salas.png 1170w, https:\/\/chhome.com.ve\/wp-content\/uploads\/2019\/05\/ch-salas-300x141.png 300w, https:\/\/chhome.com.ve\/wp-content\/uploads\/2019\/05\/ch-salas-768x361.png 768w, https:\/\/chhome.com.ve\/wp-content\/uploads\/2019\/05\/ch-salas-1024x481.png 1024w\" sizes=\"(max-width: 34.9rem) calc(100vw - 2rem), (max-width: 53rem) calc(8 * (100vw \/ 12)), (min-width: 53rem) calc(6 * (100vw \/ 12)), 100vw\" \/>\t\t\t\t<div class=\"eihe-caption\">\n\t\t\t\t\t<div class=\"eihe-title-cover\">\n\t\t\t\t\t\t\t\t\t\t\t\t<h3 class=\"eihe-title\">Salas<\/h3>\n\t\t\t\t\t\t\t\t\t\t\t<\/div>\n\t\t\t\t\t<p><a class=\"link-products\" href=\"#\">Muebles para TV<\/a><br>\n\n<a class=\"link-products\" href=\"#\">Sof\u00e1s <\/a><br>\n\n<a class=\"link-products\" href=\"#\">Mesas de Centro<\/a><br>\n\n<a class=\"link-products\" href=\"#\">Alfombras<\/a><br>\n\n<a class=\"link-products\" href=\"#\">Butacas \/ Sillones<\/a><\/p>\n\t\t\t\t<\/div>\n\t\t\t<\/div>\n\t\t\t\t\t\t<\/div>\n\t\t\t\t<\/div>\n\t\t\t\t\t<\/div>\n\t\t<\/div>\n\t\t\t\t\t<\/div>\n\t\t<\/section>\n\t\t\t\t<section class=\"elementor-section elementor-inner-section elementor-element elementor-element-a922737 elementor-section-full_width elementor-section-height-default elementor-section-height-default\" data-id=\"a922737\" data-element_type=\"section\">\n\t\t\t\t\t\t<div class=\"elementor-container elementor-column-gap-default\">\n\t\t\t\t\t<div class=\"elementor-column elementor-col-50 elementor-inner-column elementor-element elementor-element-43593cb\" data-id=\"43593cb\" data-element_type=\"column\">\n\t\t\t<div class=\"elementor-widget-wrap elementor-element-populated\">\n\t\t\t\t\t\t<div class=\"elementor-element elementor-element-8c10f0c animated-slow elementor-invisible elementor-widget elementor-widget-e_image_hover_effects\" data-id=\"8c10f0c\" data-element_type=\"widget\" data-settings=\"{&quot;_animation&quot;:&quot;fadeIn&quot;}\" data-widget_type=\"e_image_hover_effects.default\">\n\t\t\t\t<div class=\"elementor-widget-container\">\n\t\t\t\t\t\t\t\t<div class=\"eihe-box eihe-fade eihe_\">\n\t\t\t\t<img loading=\"lazy\" decoding=\"async\" width=\"1370\" height=\"550\" src=\"https:\/\/chhome.com.ve\/wp-content\/uploads\/2019\/05\/CH-Cocinas.jpg\" class=\"attachment-full size-full wp-image-529\" alt=\"\" srcset=\"https:\/\/chhome.com.ve\/wp-content\/uploads\/2019\/05\/CH-Cocinas.jpg 1370w, https:\/\/chhome.com.ve\/wp-content\/uploads\/2019\/05\/CH-Cocinas-300x120.jpg 300w, https:\/\/chhome.com.ve\/wp-content\/uploads\/2019\/05\/CH-Cocinas-768x308.jpg 768w, https:\/\/chhome.com.ve\/wp-content\/uploads\/2019\/05\/CH-Cocinas-1024x411.jpg 1024w\" sizes=\"(max-width: 34.9rem) calc(100vw - 2rem), (max-width: 53rem) calc(8 * (100vw \/ 12)), (min-width: 53rem) calc(6 * (100vw \/ 12)), 100vw\" \/>\t\t\t\t<div class=\"eihe-caption\">\n\t\t\t\t\t<div class=\"eihe-title-cover\">\n\t\t\t\t\t\t\t\t\t\t\t\t<h3 class=\"eihe-title\">Cocinas \/ Modulares<\/h3>\n\t\t\t\t\t\t\t\t\t\t\t<\/div>\n\t\t\t\t\t<p><a class=\"link-products\" href=\"#\">Modulares<\/a><br>\n\n<a class=\"link-products\" href=\"#\">Lavaplatos \/ Grifer\u00edas<\/a><br>\n\n<a class=\"link-products\" href=\"#\">Laminas Granito \/ Cuarzo<\/a><br>\n\n<a class=\"link-products\" href=\"#\">Mesas \/ Comedores<\/a><br>\n\n<a class=\"link-products\" href=\"#\">Taburetes \/ Sillas<\/a><\/p>\n\t\t\t\t<\/div>\n\t\t\t<\/div>\n\t\t\t\t\t\t<\/div>\n\t\t\t\t<\/div>\n\t\t\t\t\t<\/div>\n\t\t<\/div>\n\t\t\t\t<div class=\"elementor-column elementor-col-50 elementor-inner-column elementor-element elementor-element-9009f4b\" data-id=\"9009f4b\" data-element_type=\"column\">\n\t\t\t<div class=\"elementor-widget-wrap elementor-element-populated\">\n\t\t\t\t\t\t<div class=\"elementor-element elementor-element-4337b5d animated-slow elementor-invisible elementor-widget elementor-widget-e_image_hover_effects\" data-id=\"4337b5d\" data-element_type=\"widget\" data-settings=\"{&quot;_animation&quot;:&quot;fadeIn&quot;,&quot;_animation_delay&quot;:2000}\" data-widget_type=\"e_image_hover_effects.default\">\n\t\t\t\t<div class=\"elementor-widget-container\">\n\t\t\t\t\t\t\t\t<div class=\"eihe-box eihe-fade eihe_\">\n\t\t\t\t<img loading=\"lazy\" decoding=\"async\" width=\"740\" height=\"550\" src=\"https:\/\/chhome.com.ve\/wp-content\/uploads\/2019\/05\/ch-home-muebles-exterior.png\" class=\"attachment-full size-full wp-image-582\" alt=\"\" srcset=\"https:\/\/chhome.com.ve\/wp-content\/uploads\/2019\/05\/ch-home-muebles-exterior.png 740w, https:\/\/chhome.com.ve\/wp-content\/uploads\/2019\/05\/ch-home-muebles-exterior-300x223.png 300w\" sizes=\"(max-width: 34.9rem) calc(100vw - 2rem), (max-width: 53rem) calc(8 * (100vw \/ 12)), (min-width: 53rem) calc(6 * (100vw \/ 12)), 100vw\" \/>\t\t\t\t<div class=\"eihe-caption\">\n\t\t\t\t\t<div class=\"eihe-title-cover\">\n\t\t\t\t\t\t\t\t\t\t\t\t<h3 class=\"eihe-title\">Muebles Exteriores<\/h3>\n\t\t\t\t\t\t\t\t\t\t\t<\/div>\n\t\t\t\t\t<p><a class=\"link-products\" href=\"#\">Sof\u00e1s <\/a><br>\n\n<a class=\"link-products\" href=\"#\">Tumbonas<\/a><br>\n\n<a class=\"link-products\" href=\"#\">Comedores<\/a><br>\n\n<a class=\"link-products\" href=\"#\">Sombrillas<\/a><br>\n\n<a class=\"link-products\" href=\"#\">Sillas Pl\u00e1sticas<\/a><\/p>\n\t\t\t\t<\/div>\n\t\t\t<\/div>\n\t\t\t\t\t\t<\/div>\n\t\t\t\t<\/div>\n\t\t\t\t\t<\/div>\n\t\t<\/div>\n\t\t\t\t\t<\/div>\n\t\t<\/section>\n\t\t\t\t<section class=\"elementor-section elementor-inner-section elementor-element elementor-element-02dd7fa elementor-section-full_width elementor-section-height-default elementor-section-height-default\" data-id=\"02dd7fa\" data-element_type=\"section\">\n\t\t\t\t\t\t<div class=\"elementor-container elementor-column-gap-default\">\n\t\t\t\t\t<div class=\"elementor-column elementor-col-100 elementor-inner-column elementor-element elementor-element-c12e1ae\" data-id=\"c12e1ae\" data-element_type=\"column\">\n\t\t\t<div class=\"elementor-widget-wrap elementor-element-populated\">\n\t\t\t\t\t\t<div class=\"elementor-element elementor-element-49d4951 elementor-invisible elementor-widget elementor-widget-e_image_hover_effects\" data-id=\"49d4951\" data-element_type=\"widget\" data-settings=\"{&quot;_animation&quot;:&quot;fadeIn&quot;,&quot;_animation_delay&quot;:3000}\" data-widget_type=\"e_image_hover_effects.default\">\n\t\t\t\t<div class=\"elementor-widget-container\">\n\t\t\t\t\t\t\t\t<div class=\"eihe-box eihe-fade eihe_\">\n\t\t\t\t<img loading=\"lazy\" decoding=\"async\" width=\"1920\" height=\"798\" src=\"https:\/\/chhome.com.ve\/wp-content\/uploads\/2019\/05\/ch-terminados.png\" class=\"attachment-full size-full wp-image-551\" alt=\"\" srcset=\"https:\/\/chhome.com.ve\/wp-content\/uploads\/2019\/05\/ch-terminados.png 1920w, https:\/\/chhome.com.ve\/wp-content\/uploads\/2019\/05\/ch-terminados-300x125.png 300w, https:\/\/chhome.com.ve\/wp-content\/uploads\/2019\/05\/ch-terminados-768x319.png 768w, https:\/\/chhome.com.ve\/wp-content\/uploads\/2019\/05\/ch-terminados-1024x426.png 1024w, https:\/\/chhome.com.ve\/wp-content\/uploads\/2019\/05\/ch-terminados-1568x652.png 1568w\" sizes=\"(max-width: 34.9rem) calc(100vw - 2rem), (max-width: 53rem) calc(8 * (100vw \/ 12)), (min-width: 53rem) calc(6 * (100vw \/ 12)), 100vw\" \/>\t\t\t\t<div class=\"eihe-caption\">\n\t\t\t\t\t<div class=\"eihe-title-cover\">\n\t\t\t\t\t\t\t\t\t\t\t\t<h3 class=\"eihe-title\">AMBIENTES - CONCEPTOS<\/h3>\n\t\t\t\t\t\t\t\t\t\t\t<\/div>\n\t\t\t\t\t<p><\/p>\n\t\t\t\t<\/div>\n\t\t\t<\/div>\n\t\t\t\t\t\t<\/div>\n\t\t\t\t<\/div>\n\t\t\t\t\t<\/div>\n\t\t<\/div>\n\t\t\t\t\t<\/div>\n\t\t<\/section>\n\t\t\t\t\t<\/div>\n\t\t<\/div>\n\t\t\t\t\t<\/div>\n\t\t<\/section>\n\t\t\t\t<\/div>\n\t\t","protected":false},"excerpt":{"rendered":"<p>Dormitorios Camas \/ Box Colchones Closets Cabeceras Lencer\u00eda\/Almohadas Ba\u00f1os Lavamanos Grifer\u00edas y Accesorios Muebles Espejos Complementos Iluminaci\u00f3n Interior L\u00e1mparas Colgantes L\u00e1mparas de Piso L\u00e1mparas de Mesa L\u00e1mparas de Pared L\u00e1mparas Ventilador Electrodom\u00e9sticos Neveras \/ Congeladores Centro de Lavado Cocinas \/ Hornos Aires Acondicionados Televisores \/ Celulares Iluminaci\u00f3n Exterior Apliques \/ Pared Cinta LED Reflectores Panel &hellip; <\/p>\n<p class=\"link-more\"><a href=\"https:\/\/chhome.com.ve\/index.php\/productos\/\" class=\"more-link\">Sigue leyendo<span class=\"screen-reader-text\"> \u00abProductos\u00bb<\/span><\/a><\/p>\n","protected":false},"author":1,"featured_media":0,"parent":0,"menu_order":0,"comment_status":"closed","ping_status":"closed","template":"elementor_canvas","meta":{"footnotes":""},"class_list":["post-15","page","type-page","status-publish","hentry","entry"],"_links":{"self":[{"href":"https:\/\/chhome.com.ve\/index.php\/wp-json\/wp\/v2\/pages\/15","targetHints":{"allow":["GET"]}}],"collection":[{"href":"https:\/\/chhome.com.ve\/index.php\/wp-json\/wp\/v2\/pages"}],"about":[{"href":"https:\/\/chhome.com.ve\/index.php\/wp-json\/wp\/v2\/types\/page"}],"author":[{"embeddable":true,"href":"https:\/\/chhome.com.ve\/index.php\/wp-json\/wp\/v2\/users\/1"}],"replies":[{"embeddable":true,"href":"https:\/\/chhome.com.ve\/index.php\/wp-json\/wp\/v2\/comments?post=15"}],"version-history":[{"count":147,"href":"https:\/\/chhome.com.ve\/index.php\/wp-json\/wp\/v2\/pages\/15\/revisions"}],"predecessor-version":[{"id":583,"href":"https:\/\/chhome.com.ve\/index.php\/wp-json\/wp\/v2\/pages\/15\/revisions\/583"}],"wp:attachment":[{"href":"https:\/\/chhome.com.ve\/index.php\/wp-json\/wp\/v2\/media?parent=15"}],"curies":[{"name":"wp","href":"https:\/\/api.w.org\/{rel}","templated":true}]}}